{"id":4821,"date":"2020-11-13T12:41:43","date_gmt":"2020-11-13T10:41:43","guid":{"rendered":"http:\/\/swietaanna.mkw.pl\/?page_id=4821"},"modified":"2024-06-19T16:13:20","modified_gmt":"2024-06-19T14:13:20","slug":"cmentarz-komunalny","status":"publish","type":"page","link":"https:\/\/swietaanna.mkw.pl\/?page_id=4821","title":{"rendered":"Cmentarz komunalny"},"content":{"rendered":"\n<figure class=\"wp-block-image size-large\"><a href=\"http:\/\/swietaanna.mkw.pl\/wp-content\/uploads\/2021\/04\/Kopia-OGLOSZENIA-PARAFIALNE-9-1.png\"><img loading=\"lazy\" decoding=\"async\" width=\"1024\" height=\"331\" src=\"http:\/\/swietaanna.mkw.pl\/wp-content\/uploads\/2021\/04\/Kopia-OGLOSZENIA-PARAFIALNE-9-1-1024x331.png\" alt=\"\" class=\"wp-image-5750\" srcset=\"https:\/\/swietaanna.mkw.pl\/wp-content\/uploads\/2021\/04\/Kopia-OGLOSZENIA-PARAFIALNE-9-1-1024x331.png 1024w, https:\/\/swietaanna.mkw.pl\/wp-content\/uploads\/2021\/04\/Kopia-OGLOSZENIA-PARAFIALNE-9-1-300x97.png 300w, https:\/\/swietaanna.mkw.pl\/wp-content\/uploads\/2021\/04\/Kopia-OGLOSZENIA-PARAFIALNE-9-1-768x248.png 768w, https:\/\/swietaanna.mkw.pl\/wp-content\/uploads\/2021\/04\/Kopia-OGLOSZENIA-PARAFIALNE-9-1-1536x496.png 1536w, https:\/\/swietaanna.mkw.pl\/wp-content\/uploads\/2021\/04\/Kopia-OGLOSZENIA-PARAFIALNE-9-1-520x168.png 520w, https:\/\/swietaanna.mkw.pl\/wp-content\/uploads\/2021\/04\/Kopia-OGLOSZENIA-PARAFIALNE-9-1.png 1920w\" sizes=\"auto, (max-width: 1024px) 100vw, 1024px\" \/><\/a><\/figure>\n\n\n\n<p><\/p>\n\n\n\n<p>Godziny otwarcia: godz. <strong>7:00 &#8211; 20:00<\/strong>.<\/p>\n\n\n\n<p>Kancelaria cmentarza komunalnego we wsi Szcz\u0119sne mie\u015bci si\u0119 w <a href=\"http:\/\/swietaanna.mkw.pl\/?page_id=26\">kancelarii parafialnej<\/a>. Sprawy zwi\u0105zane z cmentarzem komunalnym:<\/p>\n\n\n\n<ul class=\"wp-block-list\">\n<li><strong>nabycie prawa do dzier\u017cawy nowego miejsca na cmentarzu <\/strong>(po uprzednim skontaktowaniu si\u0119 z pracownikami cmentarza oraz wsp\u00f3lnym wyznaczeniu dzier\u017cawionego miejsca)<\/li>\n\n\n\n<li><strong>przed\u0142u\u017cenie prawa do dzier\u017cawy miejsca na cmentarzu<\/strong> (nale\u017cy przyj\u015b\u0107 do kancelarii z kwitem potwierdzaj\u0105cym dzier\u017caw\u0119 danego miejsca)<\/li>\n\n\n\n<li><strong>us\u0142uga grabarska podczas poch\u00f3wku<\/strong> (nale\u017cy przyj\u015b\u0107 do kancelarii z aktem zgonu, kwitem potwierdzaj\u0105cym miejsce na cmentarzu oraz dokumentem przeznaczonym dla administracji cmentarza w\u00f3wczas uiszczana jest op\u0142ata grabarska)<\/li>\n\n\n\n<li><strong>zg\u0142oszenie prac kamieniarskich<\/strong> (po wcze\u015bniejszym skontaktowaniu si\u0119 z pracownikami cmentarza)<\/li>\n<\/ul>\n\n\n\n<p>Kontakt (22) 724-06-11 (tel. czynny w godzinach pracy <a href=\"http:\/\/swietaanna.mkw.pl\/?page_id=26\">kancelarii<\/a> parafialnej).<\/p>\n\n\n\n<p>Wyszukiwarka Os\u00f3b Zmar\u0142ych spoczywaj\u0105cych na cmentarzu komunalnym <a href=\"http:\/\/cmentarze.grodzisk.pl\/\">TUTAJ<\/a><\/p>\n\n\n<div class=\"su-gmap su-u-responsive-media-yes\"><iframe loading=\"lazy\" width=\"440\" height=\"360\" src=\"\/\/maps.google.com\/maps?q=Cmentarz%20Szcz%C4%99sne&amp;output=embed\" title=\"\"><\/iframe><\/div>\n<div id=\"fb-root\"><\/div><script src=\"http:\/\/connect.facebook.net\/pl_PL\/all.js#xfbml=1\"><\/script><fb:like href=\"https:\/\/swietaanna.mkw.pl\/?page_id=4821\" send=\"false\" layout=\"standard\" width=\"450\" show_faces=\"true\" font=\"arial\" action=\"like\" colorscheme=\"light\"><\/fb:like>","protected":false},"excerpt":{"rendered":"<p>Godziny otwarcia: godz. 7:00 &#8211; 20:00. Kancelaria cmentarza komunalnego we wsi Szcz\u0119sne mie\u015bci si\u0119 w kancelarii parafialnej. Sprawy zwi\u0105zane z cmentarzem komunalnym: Kontakt (22) 724-06-11 (tel. czynny w godzinach pracy kancelarii parafialnej). Wyszukiwarka Os\u00f3b Zmar\u0142ych spoczywaj\u0105cych na cmentarzu komunalnym TUTAJ<\/p>\n","protected":false},"author":13,"featured_media":4829,"parent":4814,"menu_order":2,"comment_status":"closed","ping_status":"closed","template":"","meta":{"footnotes":""},"class_list":["post-4821","page","type-page","status-publish","has-post-thumbnail","hentry","nodate","item-wrap"],"aioseo_notices":[],"_links":{"self":[{"href":"https:\/\/swietaanna.mkw.pl\/index.php?rest_route=\/wp\/v2\/pages\/4821","targetHints":{"allow":["GET"]}}],"collection":[{"href":"https:\/\/swietaanna.mkw.pl\/index.php?rest_route=\/wp\/v2\/pages"}],"about":[{"href":"https:\/\/swietaanna.mkw.pl\/index.php?rest_route=\/wp\/v2\/types\/page"}],"author":[{"embeddable":true,"href":"https:\/\/swietaanna.mkw.pl\/index.php?rest_route=\/wp\/v2\/users\/13"}],"replies":[{"embeddable":true,"href":"https:\/\/swietaanna.mkw.pl\/index.php?rest_route=%2Fwp%2Fv2%2Fcomments&post=4821"}],"version-history":[{"count":4,"href":"https:\/\/swietaanna.mkw.pl\/index.php?rest_route=\/wp\/v2\/pages\/4821\/revisions"}],"predecessor-version":[{"id":11267,"href":"https:\/\/swietaanna.mkw.pl\/index.php?rest_route=\/wp\/v2\/pages\/4821\/revisions\/11267"}],"up":[{"embeddable":true,"href":"https:\/\/swietaanna.mkw.pl\/index.php?rest_route=\/wp\/v2\/pages\/4814"}],"wp:featuredmedia":[{"embeddable":true,"href":"https:\/\/swietaanna.mkw.pl\/index.php?rest_route=\/wp\/v2\/media\/4829"}],"wp:attachment":[{"href":"https:\/\/swietaanna.mkw.pl\/index.php?rest_route=%2Fwp%2Fv2%2Fmedia&parent=4821"}],"curies":[{"name":"wp","href":"https:\/\/api.w.org\/{rel}","templated":true}]}}