{"id":4817,"date":"2020-11-13T12:38:05","date_gmt":"2020-11-13T10:38:05","guid":{"rendered":"http:\/\/swietaanna.mkw.pl\/?page_id=4817"},"modified":"2021-04-23T11:06:07","modified_gmt":"2021-04-23T09:06:07","slug":"cmentarz-parafialny","status":"publish","type":"page","link":"https:\/\/swietaanna.mkw.pl\/?page_id=4817","title":{"rendered":"Cmentarz parafialny"},"content":{"rendered":"\n<figure class=\"wp-block-image size-large\"><a href=\"http:\/\/swietaanna.mkw.pl\/wp-content\/uploads\/2021\/04\/Kopia-OGLOSZENIA-PARAFIALNE-8-1.png\"><img loading=\"lazy\" decoding=\"async\" width=\"1024\" height=\"331\" src=\"http:\/\/swietaanna.mkw.pl\/wp-content\/uploads\/2021\/04\/Kopia-OGLOSZENIA-PARAFIALNE-8-1-1024x331.png\" alt=\"\" class=\"wp-image-5746\" srcset=\"https:\/\/swietaanna.mkw.pl\/wp-content\/uploads\/2021\/04\/Kopia-OGLOSZENIA-PARAFIALNE-8-1-1024x331.png 1024w, https:\/\/swietaanna.mkw.pl\/wp-content\/uploads\/2021\/04\/Kopia-OGLOSZENIA-PARAFIALNE-8-1-300x97.png 300w, https:\/\/swietaanna.mkw.pl\/wp-content\/uploads\/2021\/04\/Kopia-OGLOSZENIA-PARAFIALNE-8-1-768x248.png 768w, https:\/\/swietaanna.mkw.pl\/wp-content\/uploads\/2021\/04\/Kopia-OGLOSZENIA-PARAFIALNE-8-1-1536x496.png 1536w, https:\/\/swietaanna.mkw.pl\/wp-content\/uploads\/2021\/04\/Kopia-OGLOSZENIA-PARAFIALNE-8-1-520x168.png 520w, https:\/\/swietaanna.mkw.pl\/wp-content\/uploads\/2021\/04\/Kopia-OGLOSZENIA-PARAFIALNE-8-1.png 1920w\" sizes=\"auto, (max-width: 1024px) 100vw, 1024px\" \/><\/a><\/figure>\n\n\n\n<p>Kancelaria cmentarza parafialnego mie\u015bci si\u0119 w budynku cmentarnym od strony ul. Montwi\u0142\u0142a. <strong>Czynne od 8.00 do 12.00<\/strong> od poniedzia\u0142ku do soboty. <br><br>Sprawy zwi\u0105zane z cmentarzem parafialnym:<\/p>\n\n\n\n<ul class=\"wp-block-list\"><li>Poch\u00f3wek os\u00f3b posiadaj\u0105cych gr\u00f3b na cmentarzu;<\/li><li>Us\u0142uga grabarska przy poch\u00f3wku;<\/li><li>Op\u0142aty cmentarne;<\/li><li>Przed\u0142u\u017cenie prawa do grobu;<\/li><li>Zg\u0142oszenie prac kamieniarskich;<\/li><\/ul>\n\n\n\n<p>Wszystkie sprawy mo\u017cna za\u0142atwia\u0107 po uprzednim okazaniu stosownych dokument\u00f3w po\u015bwiadczaj\u0105cych prawo do grobu.<\/p>\n\n\n\n<p>Telefon kontaktowy do administratora cmentarza p. Rafa\u0142a Dziedzica 660-335-109.<\/p>\n\n\n\n<p>Mapa lokalizacyjna cmentarza parafialnego<\/p>\n\n\n<p><iframe loading=\"lazy\" src=\"https:\/\/www.google.com\/maps\/embed?pb=!1m18!1m12!1m3!1d2914.576232940862!2d20.623886706804523!3d52.10053939669698!2m3!1f0!2f0!3f0!3m2!1i1024!2i768!4f13.1!3m3!1m2!1s0x471948bd0789914b%3A0xf68a430d7aad9af3!2sCmentarz%20Miejski!5e0!3m2!1spl!2spl!4v1605283780167!5m2!1spl!2spl\" width=\"600\" height=\"450\" frameborder=\"0\" style=\"border:0;\" allowfullscreen=\"\" aria-hidden=\"false\" tabindex=\"0\"><\/iframe><\/p>\n\n\n\n<p><\/p>\n<div id=\"fb-root\"><\/div><script src=\"http:\/\/connect.facebook.net\/pl_PL\/all.js#xfbml=1\"><\/script><fb:like href=\"https:\/\/swietaanna.mkw.pl\/?page_id=4817\" send=\"false\" layout=\"standard\" width=\"450\" show_faces=\"true\" font=\"arial\" action=\"like\" colorscheme=\"light\"><\/fb:like>","protected":false},"excerpt":{"rendered":"<p>Kancelaria cmentarza parafialnego mie\u015bci si\u0119 w budynku cmentarnym od strony ul. Montwi\u0142\u0142a. Czynne od 8.00 do 12.00 od poniedzia\u0142ku do soboty. Sprawy zwi\u0105zane z cmentarzem parafialnym: Poch\u00f3wek os\u00f3b posiadaj\u0105cych gr\u00f3b na cmentarzu; Us\u0142uga grabarska przy poch\u00f3wku; Op\u0142aty cmentarne; Przed\u0142u\u017cenie prawa do grobu; Zg\u0142oszenie prac kamieniarskich; Wszystkie sprawy mo\u017cna za\u0142atwia\u0107 po uprzednim okazaniu stosownych dokument\u00f3w po\u015bwiadczaj\u0105cych &hellip; <\/p>\n<p><a class=\"more-link btn\" href=\"https:\/\/swietaanna.mkw.pl\/?page_id=4817\">Kontynuuj czytanie<\/a><\/p>\n","protected":false},"author":13,"featured_media":4828,"parent":4814,"menu_order":1,"comment_status":"closed","ping_status":"closed","template":"","meta":{"footnotes":""},"class_list":["post-4817","page","type-page","status-publish","has-post-thumbnail","hentry","nodate","item-wrap"],"aioseo_notices":[],"_links":{"self":[{"href":"https:\/\/swietaanna.mkw.pl\/index.php?rest_route=\/wp\/v2\/pages\/4817","targetHints":{"allow":["GET"]}}],"collection":[{"href":"https:\/\/swietaanna.mkw.pl\/index.php?rest_route=\/wp\/v2\/pages"}],"about":[{"href":"https:\/\/swietaanna.mkw.pl\/index.php?rest_route=\/wp\/v2\/types\/page"}],"author":[{"embeddable":true,"href":"https:\/\/swietaanna.mkw.pl\/index.php?rest_route=\/wp\/v2\/users\/13"}],"replies":[{"embeddable":true,"href":"https:\/\/swietaanna.mkw.pl\/index.php?rest_route=%2Fwp%2Fv2%2Fcomments&post=4817"}],"version-history":[{"count":4,"href":"https:\/\/swietaanna.mkw.pl\/index.php?rest_route=\/wp\/v2\/pages\/4817\/revisions"}],"predecessor-version":[{"id":5748,"href":"https:\/\/swietaanna.mkw.pl\/index.php?rest_route=\/wp\/v2\/pages\/4817\/revisions\/5748"}],"up":[{"embeddable":true,"href":"https:\/\/swietaanna.mkw.pl\/index.php?rest_route=\/wp\/v2\/pages\/4814"}],"wp:featuredmedia":[{"embeddable":true,"href":"https:\/\/swietaanna.mkw.pl\/index.php?rest_route=\/wp\/v2\/media\/4828"}],"wp:attachment":[{"href":"https:\/\/swietaanna.mkw.pl\/index.php?rest_route=%2Fwp%2Fv2%2Fmedia&parent=4817"}],"curies":[{"name":"wp","href":"https:\/\/api.w.org\/{rel}","templated":true}]}}